{"id":618,"date":"2008-07-03T11:32:33","date_gmt":"2008-07-03T09:32:33","guid":{"rendered":"http:\/\/alaskagirl.de\/wordpress\/?page_id=618"},"modified":"2013-06-11T11:34:32","modified_gmt":"2013-06-11T09:34:32","slug":"uber","status":"publish","type":"page","link":"https:\/\/alaskagirl.de\/wordpress\/uber\/","title":{"rendered":"\u00dcber mich"},"content":{"rendered":"<p>Ich bin aufgewachsen, wo die Donau anf\u00e4ngt und war auf einer Schule, die hei\u00dft wie ein Bier. Ich habe in KA studiert, dort 10 Jahre gelebt, geheiratet und ein Kind bekommen. 2009 sind wir nach B\u00f6belfingen gezogen und 2011, als Sohn 2 unterwegs war, ein St\u00fcck aufs Land raus ins <a href=\"http:\/\/de.wikipedia.org\/wiki\/Heckeng%C3%A4u\" target=\"_blank\">Heckeng\u00e4u<\/a>.<br \/>\nIch war jahrelang Dauergast beim KSC, ich <a href=\"http:\/\/alaskagirl.de\/wordpress\/?now_reading_library=true\">lese<\/a> gerne, ich liebe Musik und ich schaue gerne <a href=\"http:\/\/www.moviepilot.de\/users\/anju\">Filme<\/a>.<\/p>\n<p>Ich bin vier Jahre lang mit dem Zug von KA nach S gependelt. Dabei habe ich als Pendelanne das bloggen bei blogspot angefangen. Irgendwann wollte ich gerne eine eigene domain und mehr M\u00f6glichkeiten rumzubasteln. Nun bin ich hier. Mein blogspot-blog gibt es nicht mehr, aber die Beitr\u00e4ge wurden hierher kopiert. Lange habe ich gegr\u00fcbelt, wie meine eigene domain hei\u00dfen soll. Schlie\u00dflich gab ich mir selbst den entscheidenden Hinweis. <a href=\"http:\/\/alaskagirl.de\/wordpress\/alaska\/\">Hier<\/a> schrieb ich: &#8222;Nennt mich Alaskagirl.&#8220;Und zwar deshalb, weil ich so gerne AlaskaBoy esse. Und da bin ich nun, alasKAgirl. Das beste an der neuen domain ist, dass sie auch noch KA beinhaltet. Und deshalb wurde aus Pendelanne alasKAgirl.<\/p>\n","protected":false},"excerpt":{"rendered":"<p>Ich bin aufgewachsen, wo die Donau anf\u00e4ngt und war auf einer Schule, die hei\u00dft wie ein Bier. Ich habe in KA studiert, dort 10 Jahre gelebt, geheiratet und ein Kind bekommen. 2009 sind wir nach B\u00f6belfingen gezogen und 2011, als Sohn 2 unterwegs war, ein St\u00fcck aufs Land raus ins Heckeng\u00e4u. Ich war jahrelang Dauergast [&hellip;]<\/p>\n","protected":false},"author":1,"featured_media":0,"parent":0,"menu_order":0,"comment_status":"open","ping_status":"open","template":"","meta":{"footnotes":""},"class_list":["post-618","page","type-page","status-publish","hentry"],"jetpack-related-posts":[],"jetpack_sharing_enabled":true,"_links":{"self":[{"href":"https:\/\/alaskagirl.de\/wordpress\/wp-json\/wp\/v2\/pages\/618","targetHints":{"allow":["GET"]}}],"collection":[{"href":"https:\/\/alaskagirl.de\/wordpress\/wp-json\/wp\/v2\/pages"}],"about":[{"href":"https:\/\/alaskagirl.de\/wordpress\/wp-json\/wp\/v2\/types\/page"}],"author":[{"embeddable":true,"href":"https:\/\/alaskagirl.de\/wordpress\/wp-json\/wp\/v2\/users\/1"}],"replies":[{"embeddable":true,"href":"https:\/\/alaskagirl.de\/wordpress\/wp-json\/wp\/v2\/comments?post=618"}],"version-history":[{"count":5,"href":"https:\/\/alaskagirl.de\/wordpress\/wp-json\/wp\/v2\/pages\/618\/revisions"}],"predecessor-version":[{"id":1445,"href":"https:\/\/alaskagirl.de\/wordpress\/wp-json\/wp\/v2\/pages\/618\/revisions\/1445"}],"wp:attachment":[{"href":"https:\/\/alaskagirl.de\/wordpress\/wp-json\/wp\/v2\/media?parent=618"}],"curies":[{"name":"wp","href":"https:\/\/api.w.org\/{rel}","templated":true}]}}